{"id":239,"date":"2020-11-04T12:57:23","date_gmt":"2020-11-04T11:57:23","guid":{"rendered":"https:\/\/william.totmedia.net\/contact\/"},"modified":"2024-07-18T00:48:16","modified_gmt":"2024-07-17T22:48:16","slug":"contact","status":"publish","type":"page","link":"https:\/\/barcelonaprivatechef.com\/en\/contact\/","title":{"rendered":"Contact"},"content":{"rendered":"<div data-elementor-type=\"wp-page\" data-elementor-id=\"239\" class=\"elementor elementor-239\">\n\t\t\t\t\t\t<section class=\"elementor-section elementor-top-section elementor-element elementor-element-def2d1a elementor-section-boxed elementor-section-height-default elementor-section-height-default\" data-id=\"def2d1a\" data-element_type=\"section\">\n\t\t\t\t\t\t<div class=\"elementor-container elementor-column-gap-default\">\n\t\t\t\t\t<div class=\"aux-parallax-section elementor-column elementor-col-100 elementor-top-column elementor-element elementor-element-63331cd\" data-id=\"63331cd\" data-element_type=\"column\">\n\t\t\t<div class=\"elementor-widget-wrap elementor-element-populated\">\n\t\t\t\t\t\t<div class=\"elementor-element elementor-element-4eee67c elementor-widget elementor-widget-image\" data-id=\"4eee67c\" data-element_type=\"widget\" data-widget_type=\"image.default\">\n\t\t\t\t<div class=\"elementor-widget-container\">\n\t\t\t\t\t\t\t\t\t\t\t\t\t<img fetchpriority=\"high\" decoding=\"async\" width=\"2692\" height=\"604\" src=\"https:\/\/barcelonaprivatechef.com\/wp-content\/uploads\/2024\/07\/Captura-de-Pantalla-2024-07-18-a-las-0.47.52.png\" class=\"attachment-full size-full wp-image-438\" alt=\"\" srcset=\"https:\/\/barcelonaprivatechef.com\/wp-content\/uploads\/2024\/07\/Captura-de-Pantalla-2024-07-18-a-las-0.47.52.png 2692w, https:\/\/barcelonaprivatechef.com\/wp-content\/uploads\/2024\/07\/Captura-de-Pantalla-2024-07-18-a-las-0.47.52-1536x345.png 1536w, https:\/\/barcelonaprivatechef.com\/wp-content\/uploads\/2024\/07\/Captura-de-Pantalla-2024-07-18-a-las-0.47.52-2048x460.png 2048w\" sizes=\"(max-width: 2692px) 100vw, 2692px\" \/>\t\t\t\t\t\t\t\t\t\t\t\t\t<\/div>\n\t\t\t\t<\/div>\n\t\t\t\t\t<\/div>\n\t\t<\/div>\n\t\t\t\t\t<\/div>\n\t\t<\/section>\n\t\t\t\t<section class=\"elementor-section elementor-top-section elementor-element elementor-element-cd50a1f elementor-section-content-middle elementor-section-boxed elementor-section-height-default elementor-section-height-default\" data-id=\"cd50a1f\" data-element_type=\"section\">\n\t\t\t\t\t\t<div class=\"elementor-container elementor-column-gap-no\">\n\t\t\t\t\t<div class=\"aux-parallax-section elementor-column elementor-col-50 elementor-top-column elementor-element elementor-element-301acbf\" data-id=\"301acbf\" data-element_type=\"column\">\n\t\t\t<div class=\"elementor-widget-wrap elementor-element-populated\">\n\t\t\t\t\t\t<div class=\"elementor-element elementor-element-3ac9328 aux-appear-watch-animation aux-slide-from-bot elementor-widget elementor-widget-aux_modern_heading\" data-id=\"3ac9328\" data-element_type=\"widget\" data-widget_type=\"aux_modern_heading.default\">\n\t\t\t\t<div class=\"elementor-widget-container\">\n\t\t\t<section class=\"aux-widget-modern-heading\">\n            <div class=\"aux-widget-inner\"><h5 class=\"aux-modern-heading-primary\"><\/h5><h3 class=\"aux-modern-heading-secondary\"><span class=\"aux-head-highlight\">Contact Mario Adame -Your Private Chef in Barcelona<\/span><\/h3><div class=\"aux-modern-heading-description\"><p class=\"translation-block\">Want to organize a memorable culinary experience in Barcelona? Contact Mario Adame, your trusted private chef! With years of experience and an unwavering passion for gastronomy, Mario Adame is dedicated to creating exceptional gastronomic moments for each client.<\/p><\/div><\/div>\n        <\/section>\t\t<\/div>\n\t\t\t\t<\/div>\n\t\t\t\t\t<\/div>\n\t\t<\/div>\n\t\t\t\t<div class=\"aux-parallax-section elementor-column elementor-col-50 elementor-top-column elementor-element elementor-element-619d58b aux-appear-watch-animation aux-fade-in-right\" data-id=\"619d58b\" data-element_type=\"column\">\n\t\t\t<div class=\"elementor-widget-wrap elementor-element-populated\">\n\t\t\t\t\t\t<div class=\"elementor-element elementor-element-e9e80e1 elementor-widget elementor-widget-aux_modern_heading\" data-id=\"e9e80e1\" data-element_type=\"widget\" data-widget_type=\"aux_modern_heading.default\">\n\t\t\t\t<div class=\"elementor-widget-container\">\n\t\t\t<section class=\"aux-widget-modern-heading\">\n            <div class=\"aux-widget-inner\"><h2 class=\"aux-modern-heading-primary\">Contact<\/h2><\/div>\n        <\/section>\t\t<\/div>\n\t\t\t\t<\/div>\n\t\t\t\t<div class=\"elementor-element elementor-element-ec8d525 elementor-widget__width-initial elementor-widget elementor-widget-aux_contact_form\" data-id=\"ec8d525\" data-element_type=\"widget\" data-widget_type=\"aux_contact_form.default\">\n\t\t\t\t<div class=\"elementor-widget-container\">\n\t\t\t<section class=\"widget-container aux-widget-contact-form aux-parent-au2220590b\">            <div class=\"aux-col-wrapper aux-no-gutter\">\n            <!-- @TODO - The output for element here -->\n\n            \n<div class=\"wpcf7 no-js\" id=\"wpcf7-f225-o1\" lang=\"en-US\" dir=\"ltr\">\n<div class=\"screen-reader-response\"><p role=\"status\" aria-live=\"polite\" aria-atomic=\"true\"><\/p> <ul><\/ul><\/div>\n<form action=\"\/en\/wp-json\/wp\/v2\/pages\/239#wpcf7-f225-o1\" method=\"post\" class=\"wpcf7-form init\" aria-label=\"Contact form\" novalidate=\"novalidate\" data-status=\"init\" data-trp-original-action=\"\/en\/wp-json\/wp\/v2\/pages\/239#wpcf7-f225-o1\">\n<div style=\"display: none;\">\n<input type=\"hidden\" name=\"_wpcf7\" value=\"225\" \/>\n<input type=\"hidden\" name=\"_wpcf7_version\" value=\"5.9.6\" \/>\n<input type=\"hidden\" name=\"_wpcf7_locale\" value=\"en_US\" \/>\n<input type=\"hidden\" name=\"_wpcf7_unit_tag\" value=\"wpcf7-f225-o1\" \/>\n<input type=\"hidden\" name=\"_wpcf7_container_post\" value=\"0\" \/>\n<input type=\"hidden\" name=\"_wpcf7_posted_data_hash\" value=\"\" \/>\n<\/div>\n<div class=\"aux-nextto\">\n\t<p><span class=\"wpcf7-form-control-wrap\" data-name=\"text-910\"><input size=\"40\" maxlength=\"80\" class=\"wpcf7-form-control wpcf7-text wpcf7-validates-as-required\" aria-required=\"true\" aria-invalid=\"false\" placeholder=\"Name\" value=\"\" type=\"text\" name=\"text-910\" \/><\/span><br \/>\n<span class=\"wpcf7-form-control-wrap\" data-name=\"email-32\"><input size=\"40\" maxlength=\"80\" class=\"wpcf7-form-control wpcf7-email wpcf7-validates-as-required wpcf7-text wpcf7-validates-as-email\" aria-required=\"true\" aria-invalid=\"false\" placeholder=\"Mail\" value=\"\" type=\"email\" name=\"email-32\" \/><\/span><br \/>\n<span class=\"wpcf7-form-control-wrap\" data-name=\"text-911\"><input size=\"40\" maxlength=\"80\" class=\"wpcf7-form-control wpcf7-text wpcf7-validates-as-required\" aria-required=\"true\" aria-invalid=\"false\" placeholder=\"Phone\" value=\"\" type=\"text\" name=\"text-911\" \/><\/span>\n\t<\/p>\n<\/div>\n<p><span class=\"wpcf7-form-control-wrap\" data-name=\"textarea-804\"><textarea cols=\"40\" rows=\"10\" maxlength=\"400\" class=\"wpcf7-form-control wpcf7-textarea wpcf7-validates-as-required\" aria-required=\"true\" aria-invalid=\"false\" placeholder=\"Comments\" name=\"textarea-804\"><\/textarea><\/span><br \/>\n<input class=\"wpcf7-form-control wpcf7-submit has-spinner\" type=\"submit\" value=\"Send\" \/>\n<\/p><div class=\"wpcf7-response-output\" aria-hidden=\"true\"><\/div>\n<input type=\"hidden\" name=\"trp-form-language\" value=\"en\"\/><\/form>\n<\/div>\n\n\n            <\/div><!-- aux-col-wrapper -->\n    <\/section><!-- widget-container -->\t\t<\/div>\n\t\t\t\t<\/div>\n\t\t\t\t\t<\/div>\n\t\t<\/div>\n\t\t\t\t\t<\/div>\n\t\t<\/section>\n\t\t\t\t<section class=\"elementor-section elementor-top-section elementor-element elementor-element-b31fee4 elementor-section-boxed elementor-section-height-default elementor-section-height-default\" data-id=\"b31fee4\" data-element_type=\"section\">\n\t\t\t\t\t\t<div class=\"elementor-container elementor-column-gap-no\">\n\t\t\t\t\t<div class=\"aux-parallax-section elementor-column elementor-col-100 elementor-top-column elementor-element elementor-element-23d5328 aux-appear-watch-animation aux-scale-up\" data-id=\"23d5328\" data-element_type=\"column\" data-settings=\"{&quot;background_background&quot;:&quot;classic&quot;}\">\n\t\t\t<div class=\"elementor-widget-wrap elementor-element-populated\">\n\t\t\t\t\t\t<section class=\"elementor-section elementor-inner-section elementor-element elementor-element-6355c72 elementor-section-boxed elementor-section-height-default elementor-section-height-default\" data-id=\"6355c72\" data-element_type=\"section\">\n\t\t\t\t\t\t<div class=\"elementor-container elementor-column-gap-no\">\n\t\t\t\t\t<div class=\"aux-parallax-section elementor-column elementor-col-33 elementor-inner-column elementor-element elementor-element-ea2f9dd\" data-id=\"ea2f9dd\" data-element_type=\"column\">\n\t\t\t<div class=\"elementor-widget-wrap elementor-element-populated\">\n\t\t\t\t\t\t<div class=\"elementor-element elementor-element-80e3c53 aux-appear-watch-animation aux-fade-in-left-1 elementor-widget elementor-widget-aux_text\" data-id=\"80e3c53\" data-element_type=\"widget\" data-widget_type=\"aux_text.default\">\n\t\t\t\t<div class=\"elementor-widget-container\">\n\t\t\t<section class=\"widget-container aux-widget-text aux-parent-aua82d51d1\">        <div class=\"aux-widget-advanced-text aux-wrap-style-simple aux-ico-pos-top aux-text-center aux-text-resp- aux-text-color-dark aux-text-widget-bg-center\" >\n        \n                            <div class=\"aux-text-widget-header\"  >\n                        <div class=\"aux-ico-box aux-ico-large aux-ico-clear\">\n                                                                <svg xmlns=\"http:\/\/www.w3.org\/2000\/svg\" width=\"78.243\" height=\"81.881\" viewbox=\"0 0 22.243 22.881\"><g transform=\"translate(-2.949)\"><path d=\"M114.565,3a10.167,10.167,0,0,0-7.237-3,.811.811,0,1,0,0,1.622,8.612,8.612,0,0,1,8.612,8.613.811.811,0,0,0,1.622,0A10.167,10.167,0,0,0,114.565,3Z\" transform=\"translate(-92.37 0)\" fill=\"#fff\" \/><path d=\"M111.229,49.1a.811.811,0,0,0,1.622,0,5.53,5.53,0,0,0-5.523-5.523h0a.811.811,0,0,0,0,1.622A3.906,3.906,0,0,1,111.229,49.1Z\" transform=\"translate(-92.37 -38.866)\" fill=\"#fff\" \/><path d=\"M17.065,42.763a2.448,2.448,0,0,0-2.168,1.3.811.811,0,0,0,1.339.916c.357-.522.518-.6.738-.593a10.445,10.445,0,0,1,3.743,2.741.839.839,0,0,1-.008.592,2.8,2.8,0,0,1-1.389,1.75,2.6,2.6,0,0,1-2.084-.07A22.918,22.918,0,0,1,9.717,44.5l0,0A22.915,22.915,0,0,1,4.829,36.99a2.6,2.6,0,0,1-.07-2.085,2.8,2.8,0,0,1,1.75-1.389.838.838,0,0,1,.59-.008,10.465,10.465,0,0,1,2.743,3.736c.012.227-.071.389-.592.745a.811.811,0,0,0,.915,1.339,2.446,2.446,0,0,0,1.3-2.17c-.07-1.3-2.59-4.726-3.795-5.169a2.452,2.452,0,0,0-1.675-.01,4.365,4.365,0,0,0-2.707,2.251A4.174,4.174,0,0,0,3.327,37.6,24.528,24.528,0,0,0,8.57,45.647l.017.016A24.534,24.534,0,0,0,16.623,50.9a4.811,4.811,0,0,0,1.811.378,3.717,3.717,0,0,0,1.561-.335,4.364,4.364,0,0,0,2.251-2.708,2.452,2.452,0,0,0-.008-1.671C21.793,45.353,18.362,42.833,17.065,42.763Z\" transform=\"translate(0 -28.394)\" fill=\"#fff\" \/><\/g><\/svg>                                                    <\/div>\n                <\/div>\n            \n            <div class=\"aux-text-inner aux-text-widget-content\">\n                                <h4 class=\"col-title\">Email :<\/h4>\n                                <div class=\"widget-content\">\n                                        <p>info@barcelonaprivatechef.com<\/p>                <\/div>\n                            <\/div>\n        <\/div>\n                    <div class=\"aux-text-widget-footer\">\n                <div class=\"aux-border-shape-none\">\n                                <\/div>\n            <\/div>\n        \n<\/section><!-- widget-container -->\t\t<\/div>\n\t\t\t\t<\/div>\n\t\t\t\t\t<\/div>\n\t\t<\/div>\n\t\t\t\t<div class=\"aux-parallax-section elementor-column elementor-col-33 elementor-inner-column elementor-element elementor-element-eff6eac\" data-id=\"eff6eac\" data-element_type=\"column\">\n\t\t\t<div class=\"elementor-widget-wrap elementor-element-populated\">\n\t\t\t\t\t\t<div class=\"elementor-element elementor-element-9903f00 aux-appear-watch-animation aux-scale-down-1 elementor-widget elementor-widget-aux_text\" data-id=\"9903f00\" data-element_type=\"widget\" data-widget_type=\"aux_text.default\">\n\t\t\t\t<div class=\"elementor-widget-container\">\n\t\t\t<section class=\"widget-container aux-widget-text aux-parent-au1cae53ba\">        <div class=\"aux-widget-advanced-text aux-wrap-style-simple aux-ico-pos-top aux-text-center aux-text-resp- aux-text-color-dark aux-text-widget-bg-center\" >\n        \n                            <div class=\"aux-text-widget-header\"  >\n                        <div class=\"aux-ico-box aux-ico-large aux-ico-clear\">\n                                                                <svg xmlns=\"http:\/\/www.w3.org\/2000\/svg\" width=\"87.741\" height=\"58.873\" viewbox=\"0 0 27.741 18.873\"><g transform=\"translate(0 -38.529)\"><path d=\"M49.4,68.744,40.42,76.66l-8.985-7.916a.863.863,0,1,0-1.141,1.3l9.556,8.419a.863.863,0,0,0,1.141,0l9.554-8.419A.863.863,0,1,0,49.4,68.744Z\" transform=\"translate(-26.548 -26.547)\" fill=\"#fff\" \/><path d=\"M25.152,38.529H2.589A2.592,2.592,0,0,0,0,41.118V54.813A2.592,2.592,0,0,0,2.589,57.4H25.152a2.592,2.592,0,0,0,2.589-2.589V41.118A2.592,2.592,0,0,0,25.152,38.529Zm.863,16.284a.864.864,0,0,1-.863.863H2.589a.864.864,0,0,1-.863-.863V41.118a.864.864,0,0,1,.863-.863H25.152a.864.864,0,0,1,.863.863Z\" fill=\"#fff\" \/><\/g><\/svg>                                                    <\/div>\n                <\/div>\n            \n            <div class=\"aux-text-inner aux-text-widget-content\">\n                                <h4 class=\"col-title\">Phone<\/h4>\n                                <div class=\"widget-content\">\n                                        <p>+34 642 775 241<\/p>                <\/div>\n                            <\/div>\n        <\/div>\n                    <div class=\"aux-text-widget-footer\">\n                <div class=\"aux-border-shape-none\">\n                                <\/div>\n            <\/div>\n        \n<\/section><!-- widget-container -->\t\t<\/div>\n\t\t\t\t<\/div>\n\t\t\t\t\t<\/div>\n\t\t<\/div>\n\t\t\t\t<div class=\"aux-parallax-section elementor-column elementor-col-33 elementor-inner-column elementor-element elementor-element-9dbb08e\" data-id=\"9dbb08e\" data-element_type=\"column\">\n\t\t\t<div class=\"elementor-widget-wrap elementor-element-populated\">\n\t\t\t\t\t\t<div class=\"elementor-element elementor-element-345fe88 aux-appear-watch-animation aux-fade-in-right-1 elementor-widget elementor-widget-aux_text\" data-id=\"345fe88\" data-element_type=\"widget\" data-widget_type=\"aux_text.default\">\n\t\t\t\t<div class=\"elementor-widget-container\">\n\t\t\t<section class=\"widget-container aux-widget-text aux-parent-au964c1dd5\">        <div class=\"aux-widget-advanced-text aux-wrap-style-simple aux-ico-pos-top aux-text-center aux-text-resp- aux-text-color-dark aux-text-widget-bg-center\" >\n        \n                            <div class=\"aux-text-widget-header\"  >\n                        <div class=\"aux-ico-box aux-ico-large aux-ico-clear\">\n                                                                <svg xmlns=\"http:\/\/www.w3.org\/2000\/svg\" width=\"62.489\" height=\"81.078\" viewbox=\"0 0 62.489 81.078\"><g transform=\"translate(-24.89)\"><path d=\"M56.133,0A31.28,31.28,0,0,0,24.89,31.247c0,12.311,5.154,24.764,14.906,36.014A78.994,78.994,0,0,0,54.6,80.621a2.8,2.8,0,0,0,3.065,0A79,79,0,0,0,72.472,67.261c9.752-11.25,14.907-23.7,14.907-36.014A31.282,31.282,0,0,0,56.133,0Zm0,74.838c-5.746-4.282-25.641-20.761-25.641-43.591a25.642,25.642,0,1,1,51.285,0C81.777,54.077,61.879,70.556,56.133,74.838Z\" fill=\"#fff\" \/><path d=\"M87.752,50.449a12.4,12.4,0,1,0,12.4,12.4A12.415,12.415,0,0,0,87.752,50.449Zm0,19.2a6.8,6.8,0,1,1,6.8-6.8A6.806,6.806,0,0,1,87.752,69.648Z\" transform=\"translate(-31.617 -31.609)\" fill=\"#fff\" \/><\/g><\/svg>                                                    <\/div>\n                <\/div>\n            \n            <div class=\"aux-text-inner aux-text-widget-content\">\n                                <h4 class=\"col-title\">Direction:<\/h4>\n                                <div class=\"widget-content\">\n                                        <p>Ronda Sant Pere,21 Barcelona<\/p>                <\/div>\n                            <\/div>\n        <\/div>\n                    <div class=\"aux-text-widget-footer\">\n                <div class=\"aux-border-shape-none\">\n                                <\/div>\n            <\/div>\n        \n<\/section><!-- widget-container -->\t\t<\/div>\n\t\t\t\t<\/div>\n\t\t\t\t\t<\/div>\n\t\t<\/div>\n\t\t\t\t\t<\/div>\n\t\t<\/section>\n\t\t\t\t\t<\/div>\n\t\t<\/div>\n\t\t\t\t\t<\/div>\n\t\t<\/section>\n\t\t\t\t<section class=\"elementor-section elementor-top-section elementor-element elementor-element-c50b3a0 elementor-section-boxed elementor-section-height-default elementor-section-height-default\" data-id=\"c50b3a0\" data-element_type=\"section\">\n\t\t\t\t\t\t<div class=\"elementor-container elementor-column-gap-no\">\n\t\t\t\t\t<div class=\"aux-parallax-section elementor-column elementor-col-100 elementor-top-column elementor-element elementor-element-1a076f4\" data-id=\"1a076f4\" data-element_type=\"column\">\n\t\t\t<div class=\"elementor-widget-wrap elementor-element-populated\">\n\t\t\t\t\t\t<div class=\"elementor-element elementor-element-ddca900 aux-appear-watch-animation aux-fade-in elementor-widget elementor-widget-aux_gmap\" data-id=\"ddca900\" data-element_type=\"widget\" data-widget_type=\"aux_gmap.default\">\n\t\t\t\t<div class=\"elementor-widget-container\">\n\t\t\t            <div class=\"elementor-alert elementor-alert-danger\" role=\"alert\">\n                <span class=\"elementor-alert-title\">\n                    Google Maps API Key Is Missing.                <\/span>\n                <span class=\"elementor-alert-description\">\n                    In order to use google maps on your website, you have to create an api key and insert it in customizer &quot;Google Maps API Key&quot; field.                <\/span>\n            <\/div>\n        \t\t<\/div>\n\t\t\t\t<\/div>\n\t\t\t\t\t<\/div>\n\t\t<\/div>\n\t\t\t\t\t<\/div>\n\t\t<\/section>\n\t\t\t\t<section class=\"elementor-section elementor-top-section elementor-element elementor-element-8e46da0 elementor-section-boxed elementor-section-height-default elementor-section-height-default\" data-id=\"8e46da0\" data-element_type=\"section\">\n\t\t\t\t\t\t<div class=\"elementor-container elementor-column-gap-default\">\n\t\t\t\t\t<div class=\"aux-parallax-section elementor-column elementor-col-100 elementor-top-column elementor-element elementor-element-e8cb014\" data-id=\"e8cb014\" data-element_type=\"column\">\n\t\t\t<div class=\"elementor-widget-wrap\">\n\t\t\t\t\t\t\t<\/div>\n\t\t<\/div>\n\t\t\t\t\t<\/div>\n\t\t<\/section>\n\t\t\t\t<\/div>","protected":false},"excerpt":{"rendered":"<p>Contacte a Mario Adame &#8211; Su chef privado en Barcelona \u00bfDesea organizar una experiencia culinaria memorable en Barcelona? \u00a1Contacte a Mario Adame, su chef privado de confianza! Con a\u00f1os de experiencia y una pasi\u00f3n inquebrantable por la gastronom\u00eda, Mario Adame se dedica a crear momentos gastron\u00f3micos excepcionales para cada cliente. Cont\u00e1ctenos Email : info@barcelonaprivatechef.com Tel\u00e9fono: [&hellip;]<\/p>","protected":false},"author":1,"featured_media":0,"parent":0,"menu_order":0,"comment_status":"closed","ping_status":"closed","template":"templates\/page-builder-content.php","meta":{"footnotes":""},"class_list":["post-239","page","type-page","status-publish","hentry"],"_links":{"self":[{"href":"https:\/\/barcelonaprivatechef.com\/en\/wp-json\/wp\/v2\/pages\/239","targetHints":{"allow":["GET"]}}],"collection":[{"href":"https:\/\/barcelonaprivatechef.com\/en\/wp-json\/wp\/v2\/pages"}],"about":[{"href":"https:\/\/barcelonaprivatechef.com\/en\/wp-json\/wp\/v2\/types\/page"}],"author":[{"embeddable":true,"href":"https:\/\/barcelonaprivatechef.com\/en\/wp-json\/wp\/v2\/users\/1"}],"replies":[{"embeddable":true,"href":"https:\/\/barcelonaprivatechef.com\/en\/wp-json\/wp\/v2\/comments?post=239"}],"version-history":[{"count":19,"href":"https:\/\/barcelonaprivatechef.com\/en\/wp-json\/wp\/v2\/pages\/239\/revisions"}],"predecessor-version":[{"id":441,"href":"https:\/\/barcelonaprivatechef.com\/en\/wp-json\/wp\/v2\/pages\/239\/revisions\/441"}],"wp:attachment":[{"href":"https:\/\/barcelonaprivatechef.com\/en\/wp-json\/wp\/v2\/media?parent=239"}],"curies":[{"name":"wp","href":"https:\/\/api.w.org\/{rel}","templated":true}]}}