{"id":144,"date":"2024-07-16T12:23:23","date_gmt":"2024-07-16T10:23:23","guid":{"rendered":"https:\/\/william.totmedia.net\/?page_id=144"},"modified":"2024-09-10T10:43:36","modified_gmt":"2024-09-10T08:43:36","slug":"politica-de-privadesa","status":"publish","type":"page","link":"https:\/\/barcelonaprivatechef.com\/fr\/politica-de-privadesa\/","title":{"rendered":"Pol\u00edtica de Privacidad"},"content":{"rendered":"<p>De acuerdo con la Ley Org\u00e1nica 3\/2018 (LOPD-GDD) y el Reglamento Europeo (RGPD) de Protecci\u00f3n de Datos Personales, hemos actualizado nuestra Pol\u00edtica de Privacidad. En esta web, se respetan y protegen los datos personales de los usuarios. Como usuario, debes saber que tus derechos est\u00e1n garantizados.<\/p><h3 class=\"wp-block-heading\">Cambios en la Pol\u00edtica de Privacidad<\/h3><p>Esta Pol\u00edtica de Privacidad puede variar en funci\u00f3n de las exigencias legislativas o de autorregulaci\u00f3n, por lo que se recomienda a los usuarios que la visiten peri\u00f3dicamente. Es aplicable en caso de que los usuarios decidan rellenar alg\u00fan formulario de contacto en el que se piden datos de car\u00e1cter personal.<\/p><h3 class=\"wp-block-heading\">Responsable del Tratamiento de Tus Datos Personales<\/h3><p>Identidad del Responsable: Mario Alfredo Adame Jimenez<br>NIF: Y5244621Z<br>Correo electr\u00f3nico:\u00a0<a>info@barcelonaprivatechef.com<\/a><br>Web:<a href=\"https:\/\/barcelonaprivatechef.com\/fr\/\">https:\/\/barcelonaprivatechef.com\/<\/a><br>Tel\u00e9fono: +34 622 11 60 19<\/p><h3 class=\"wp-block-heading\">Principios Aplicados a Tu Informaci\u00f3n<\/h3><p>En el tratamiento de tus datos personales, aplicaremos los siguientes principios, de acuerdo con el nuevo reglamento europeo de protecci\u00f3n de datos:<\/p><ol class=\"wp-block-list\"><li><strong>Principio de Licitud, Lealtad y Transparencia:<\/strong>\u00a0Siempre requeriremos tu consentimiento para el tratamiento de tus datos personales para uno o varios fines espec\u00edficos, que te informaremos previamente con absoluta transparencia.<\/li>\n\n<li><strong>Principio de Minimizaci\u00f3n de Datos:<\/strong>\u00a0S\u00f3lo solicitaremos datos estrictamente necesarios en relaci\u00f3n con los fines para los que los requerimos.<\/li>\n\n<li><strong>Principio de Limitaci\u00f3n del Plazo de Conservaci\u00f3n:<\/strong>\u00a0Los datos ser\u00e1n mantenidos durante no m\u00e1s tiempo de lo necesario para los fines del tratamiento. En funci\u00f3n de la finalidad, te informaremos del correspondiente plazo de conservaci\u00f3n. En el caso de suscripciones, revisamos peri\u00f3dicamente nuestras listas y eliminamos los registros inactivos durante un tiempo considerable.<\/li>\n\n<li><strong>Principio de Integridad y Confidencialidad:<\/strong>\u00a0tus datos ser\u00e1n tratados de forma que se garantice una seguridad adecuada de los datos personales y se garantice su confidencialidad. Tomamos todas las precauciones necesarias para evitar el acceso no autorizado o uso indebido de los datos de nuestros usuarios por terceros.<\/li><\/ol><h3 class=\"wp-block-heading\">\u00bfC\u00f3mo hemos obtenido los datos?<\/h3><p>Los datos personales que tratamos proceden de:<\/p><ul class=\"wp-block-list\"><li>Formulario de contacto<\/li>\n\n<li>Tel\u00e9fono<\/li>\n\n<li>Web<\/li>\n\n<li>Actividades<\/li>\n\n<li>Correo electr\u00f3nico<\/li>\n\n<li>Visitas<\/li><\/ul><h3 class=\"wp-block-heading\">Derechos Cuando Nos Facilitas los Datos<\/h3><p>Los interesados \u200b\u200btienen derecho a:<\/p><ul class=\"wp-block-list\"><li>Solicitar el acceso a los datos personales relativos a la persona interesada.<\/li>\n\n<li>Solicitar su rectificaci\u00f3n.<\/li>\n\n<li>Solicitar la baja de nuestra base de datos.<\/li>\n\n<li>Solicitar la limitaci\u00f3n del tratamiento.<\/li>\n\n<li>Oponerse al tratamiento.<\/li><\/ul><p>Los interesados \u200b\u200bpueden acceder a sus datos personales, as\u00ed como solicitar la rectificaci\u00f3n de los datos inexactos o, en su caso, solicitar su eliminaci\u00f3n cuando, entre otros motivos, los datos ya no sean necesarios para los fines para los que fueron recogidas. En determinadas circunstancias, los interesados \u200b\u200bpodr\u00e1n solicitar la limitaci\u00f3n del tratamiento de sus datos. En este caso, \u00fanicamente las conservaremos para el ejercicio o defensa de reclamaciones. En determinadas circunstancias, los interesados \u200b\u200bpueden oponerse al tratamiento de sus datos. Esta web dejar\u00e1 de tratar los datos, excepto por motivos leg\u00edtimos imperiosos, o el ejercicio o la defensa de posibles reclamaciones. Como interesado, tienes derecho a recibir los datos personales que te incumban, que nos hayas facilitado y en un formato estructurado, de uso com\u00fan y lectura mec\u00e1nica, y transmitirlos a otro responsable del tratamiento cuando:<\/p><ul class=\"wp-block-list\"><li>El tratamiento est\u00e9 basado en el consentimiento.<\/li>\n\n<li>Los datos hayan sido facilitados por el interesado.<\/li>\n\n<li>El tratamiento se realice por medios automatizados.<\/li><\/ul><p>Los interesados \u200b\u200btambi\u00e9n tienen derecho a la tutela judicial efectiva ya presentar una reclamaci\u00f3n ante la autoridad de control, en este caso, la Agencia Espa\u00f1ola de Protecci\u00f3n de Datos, si consideran que el tratamiento de datos personales que les concierne infringe el Reglamento.<\/p><h3 class=\"wp-block-heading\">Finalidad del Tratamiento de Tus Datos Personales<\/h3><p>Tus datos personales s\u00f3lo se utilizar\u00e1n para las siguientes finalidades:<\/p><ul class=\"wp-block-list\"><li>Realizar las gestiones comerciales y administrativas necesarias con los usuarios de la web.<\/li>\n\n<li>Enviar comunicaciones comerciales publicitarias por correo electr\u00f3nico, fax, SMS, MMS, comunidades sociales o cualquier otro medio electr\u00f3nico o f\u00edsico, en caso de que el Usuario haya consentido expresamente el env\u00edo de comunicaciones comerciales por v\u00eda electr\u00f3nica mediante la suscripci\u00f3n de la newsletter.<\/li>\n\n<li>Responder a las consultas y\/o proporcionar informaciones requeridas por el Usuario.<\/li>\n\n<li>Realizar las prestaciones de servicios y\/o productos contratados o suscritos por el Usuario.<\/li>\n\n<li>Utilizar los datos para contactarnos, tanto v\u00eda electr\u00f3nica como no electr\u00f3nica, para obtener su opini\u00f3n sobre el servicio prestado.<\/li>\n\n<li>Notificar cambios, desarrollos importantes de la pol\u00edtica de privacidad, aviso legal o pol\u00edtica de cookies.<\/li><\/ul><p>Los datos de clientes y\/o proveedores ser\u00e1n tratados, dentro de la relaci\u00f3n contractual que los vincula con el responsable, en cumplimiento de las obligaciones administrativas, fiscales, contables y laborales que sean necesarias en virtud de la legislaci\u00f3n vigente.<\/p><h3 class=\"wp-block-heading\">Revocaci\u00f3n del Consentimiento<\/h3><p>Puedes revocar en cualquier momento tu consentimiento remitiendo un escrito con el asunto Baja a <a href=\"https:\/\/barcelonaprivatechef.com\/fr\/\">https:\/\/barcelonaprivatechef.com\/<\/a><\/p><h3 class=\"wp-block-heading\">Pr\u00e1cticas de SPAM<\/h3><p>De acuerdo con la LSSICE, esta web no realiza pr\u00e1cticas de SPAM, por tanto, no env\u00eda correos comerciales por correo electr\u00f3nico que no hayan sido previamente solicitados o autorizados por el Usuario. En consecuencia, en todas las comunicaciones que recibas del prestamista, el usuario tiene la posibilidad de cancelar su consentimiento expreso para recibir nuestras comunicaciones.<\/p><p>No trataremos tus datos personales para ning\u00fan otro fin de los descritos salvo por obligaci\u00f3n legal o requerimiento judicial.<\/p><h3 class=\"wp-block-heading\">Legitimaci\u00f3n para el Tratamiento de Tus Datos<\/h3><p>La base legal para el tratamiento de tus datos es su consentimiento. Para contactar o comentar en esta web se requiere el consentimiento con esta pol\u00edtica de privacidad. La oferta prospectiva o comercial de productos y servicios est\u00e1 basada en el consentimiento que se solicita, sin que en ning\u00fan caso la retirada de este consentimiento condicione la ejecuci\u00f3n del contrato de suscripci\u00f3n.<\/p><h3 class=\"wp-block-heading\">Categor\u00edas de Datos<\/h3><p>Las categor\u00edas de datos que se tratan son datos identificativos. No se tratan categor\u00edas de datos especialmente protegidas.<\/p><h3 class=\"wp-block-heading\">Plazo de Conservaci\u00f3n de los Datos<\/h3><p>Los datos personales proporcionados se conservar\u00e1n hasta que no se solicite su supresi\u00f3n por el interesado.<\/p><h3 class=\"wp-block-heading\">Destinatarios de Tus Datos<\/h3><p>Para prestar servicios estrictamente necesarios para el desarrollo de la actividad, Heka Fisioterapia Salut I Moviment Sccl, comparte datos con los siguientes prestamistas bajo sus correspondientes condiciones de privacidad.<\/p><ul class=\"wp-block-list\"><li><strong>Hosting:<\/strong>\u00a0<a href=\"https:\/\/barcelonaprivatechef.com\/fr\/\">https:\/\/barcelonaprivatechef.com\/<\/a><\/li>\n\n<li><strong>Plataforma web:<\/strong>\u00a0<a href=\"https:\/\/barcelonaprivatechef.com\/fr\/\">https:\/\/barcelonaprivatechef.com\/<\/a><\/li>\n\n<li><strong>Google Analytics:<\/strong>\u00a0Un servicio anal\u00edtico de web prestado por Google, Inc., una compa\u00f1\u00eda de Delaware cuya oficina principal est\u00e1 en 1600 Amphitheatre Parkway, Mountain View (California), CA 94043, Estados Unidos. Google Analytics utiliza \u201ccookies\u201d, que son archivos de texto ubicados en tu ordenador, para ayudar a www.heka.totmedia.net a analizar el uso que hacen los usuarios del sitio web. La informaci\u00f3n que genera la cookie sobre el uso de www.heka.totmedia.net (incluida tu direcci\u00f3n IP) ser\u00e1 directamente transmitida y archivada por Google en los servidores de Estados Unidos.<\/li><\/ul><h3 class=\"wp-block-heading\">Navegaci\u00f3n<\/h3><p>Al navegar por <a href=\"https:\/\/barcelonaprivatechef.com\/fr\/\">https:\/\/barcelonaprivatechef.com\/<\/a> se pueden recoger datos no identific<\/p><p>ables, que pueden incluir direcciones IP, ubicaci\u00f3n geogr\u00e1fica (aproximada), un registro de c\u00f3mo se utilizan los servicios y sitios, y otros datos que no pueden ser utilizados para identificar al usuario. Entre los datos no identificativos se encuentran tambi\u00e9n los relacionados con tus h\u00e1bitos de navegaci\u00f3n a trav\u00e9s de servicios de terceros. Esta web utiliza los siguientes servicios de an\u00e1lisis de terceros: Google Analytics.<\/p><h3 class=\"wp-block-heading\">Secreto y Seguridad de los Datos<\/h3><p>Esta web se compromete en el uso y tratamiento de los datos personales de los usuarios, respetando su confidencialidad y utiliz\u00e1ndolos de acuerdo con la finalidad de los mismos, as\u00ed como a dar cumplimiento a su obligaci\u00f3n guardarlas y adaptar todas las medidas para evitar la alteraci\u00f3n, p\u00e9rdida, tratamiento o acceso no autorizado, de acuerdo con lo establecido en la normativa vigente de protecci\u00f3n de datos.<\/p><p>La web no puede garantizar la absoluta inexpugnabilidad de la red de Internet y, por tanto, la violaci\u00f3n de los datos mediante accesos fraudulentos por parte de terceros. En cuanto a la confidencialidad del procesamiento, se asegurar\u00e1 de que cualquier persona que est\u00e9 autorizada para procesar los datos del cliente (incluido su personal, colaboradores y prestamistas), estar\u00e1 bajo una obligaci\u00f3n adecuada de confidencialidad (ya sea un deber contractual o legal).<\/p><p>Cuando se presente alg\u00fan incidente de seguridad, deber\u00e1 notificar al cliente sin demoras indebidas y proporcionar informaci\u00f3n oportuna relacionada con el incidente de seguridad tal y como se conozca, o cuando el cliente lo solicite razonablemente.<\/p><h3 class=\"wp-block-heading\">Exactitud y Veracidad de los Datos<\/h3><p>Como usuario, eres el \u00fanico responsable de la veracidad y correcci\u00f3n de los datos que remitas a  cualquier responsabilidad al respecto. Los usuarios garantizan y responden, en cualquier caso, de la exactitud, vigencia y autenticidad de los datos personales facilitados, comprometi\u00e9ndose a mantenerlos debidamente actualizados. El usuario acepta proporcionar informaci\u00f3n completa y correcta en el formulario de contacto o suscripci\u00f3n.<\/p><h3 class=\"wp-block-heading\">Aceptaci\u00f3n y Consentimiento<\/h3><p>El usuario declara haber sido informado de las condiciones sobre protecci\u00f3n de datos de car\u00e1cter personal, aceptando y consintiendo el tratamiento de las mismas, en la forma y para las finalidades indicadas en esta pol\u00edtica de privacidad.<\/p><h3 class=\"wp-block-heading\">Cambios en la Pol\u00edtica de Privacidad<\/h3><p>Se reserva el derecho a modificar esta pol\u00edtica para adaptarla a novedades legislativas o jurisprudenciales, as\u00ed como a pr\u00e1cticas de la industria. En estos supuestos, el prestamista anunciar\u00e1 en esta p\u00e1gina los cambios introducidos con antelaci\u00f3n razonable a su puesta en pr\u00e1ctica.<\/p><h3 class=\"wp-block-heading\">Correos Comerciales<\/h3><p>De acuerdo con la LSSICE, no realiza pr\u00e1cticas de SPAM, por lo que no env\u00eda correos comerciales por v\u00eda electr\u00f3nica que no hayan sido previamente solicitados o autorizados por el usuario. En consecuencia, en cada uno de los formularios de la web, el usuario tiene la posibilidad de dar su consentimiento expreso para recibir el bolet\u00edn, con independencia de la informaci\u00f3n comercial puntualmente solicitada.<\/p><p>Conforme a lo dispuesto en la Ley 34\/2002 de Servicios de la Sociedad de la Informaci\u00f3n y de Comercio Electr\u00f3nico, se compromete a no enviar comunicaciones de car\u00e1cter comercial sin identificarlas debidamente.<\/p>","protected":false},"excerpt":{"rendered":"<p>De acuerdo con la Ley Org\u00e1nica 3\/2018 (LOPD-GDD) y el Reglamento Europeo (RGPD) de Protecci\u00f3n de Datos Personales, hemos actualizado nuestra Pol\u00edtica de Privacidad. En esta web, se respetan y protegen los datos personales de los usuarios. Como usuario, debes saber que tus derechos est\u00e1n garantizados. Cambios en la Pol\u00edtica de Privacidad Esta Pol\u00edtica de [&hellip;]<\/p>","protected":false},"author":1,"featured_media":0,"parent":0,"menu_order":0,"comment_status":"closed","ping_status":"closed","template":"","meta":{"footnotes":""},"class_list":["post-144","page","type-page","status-publish","hentry"],"_links":{"self":[{"href":"https:\/\/barcelonaprivatechef.com\/fr\/wp-json\/wp\/v2\/pages\/144","targetHints":{"allow":["GET"]}}],"collection":[{"href":"https:\/\/barcelonaprivatechef.com\/fr\/wp-json\/wp\/v2\/pages"}],"about":[{"href":"https:\/\/barcelonaprivatechef.com\/fr\/wp-json\/wp\/v2\/types\/page"}],"author":[{"embeddable":true,"href":"https:\/\/barcelonaprivatechef.com\/fr\/wp-json\/wp\/v2\/users\/1"}],"replies":[{"embeddable":true,"href":"https:\/\/barcelonaprivatechef.com\/fr\/wp-json\/wp\/v2\/comments?post=144"}],"version-history":[{"count":2,"href":"https:\/\/barcelonaprivatechef.com\/fr\/wp-json\/wp\/v2\/pages\/144\/revisions"}],"predecessor-version":[{"id":472,"href":"https:\/\/barcelonaprivatechef.com\/fr\/wp-json\/wp\/v2\/pages\/144\/revisions\/472"}],"wp:attachment":[{"href":"https:\/\/barcelonaprivatechef.com\/fr\/wp-json\/wp\/v2\/media?parent=144"}],"curies":[{"name":"wp","href":"https:\/\/api.w.org\/{rel}","templated":true}]}}